 {"id":280,"date":"2023-03-14T08:49:54","date_gmt":"2023-03-14T11:49:54","guid":{"rendered":"http:\/\/tdi_127_6ff"},"modified":"2023-08-25T10:57:51","modified_gmt":"2023-08-25T13:57:51","slug":"home","status":"publish","type":"page","link":"https:\/\/blogdareauto.com.br\/","title":{"rendered":"Home"},"content":{"rendered":"<p>[tdc_zone type=&#8221;tdc_content&#8221; tdc_css=&#8221;eyJhbGwiOnsiZGlzcGxheSI6IiJ9fQ==&#8221;][vc_row tdc_css=&#8221;eyJhbGwiOnsiZGlzcGxheSI6IiJ9fQ==&#8221; row_hide_on_pagination=&#8221;yes&#8221;][vc_column tdc_css=&#8221;eyJhbGwiOnsiZGlzcGxheSI6IiJ9fQ==&#8221;][td_block_trending_now mt_title_tag=&#8221;h2&#8243; navigation=&#8221;manual&#8221; tdc_css=&#8221;eyJhbGwiOnsibWFyZ2luLXRvcCI6IjI0IiwibWFyZ2luLWJvdHRvbSI6IjI0IiwiZGlzcGxheSI6IiJ9LCJwb3J0cmFpdCI6eyJtYXJnaW4tdG9wIjoiMTYiLCJtYXJnaW4tYm90dG9tIjoiMTYiLCJkaXNwbGF5IjoiIn0sInBvcnRyYWl0X21heF93aWR0aCI6MTAxOCwicG9ydHJhaXRfbWluX3dpZHRoIjo3NjgsInBob25lIjp7Im1hcmdpbi10b3AiOiIxMiIsIm1hcmdpbi1ib3R0b20iOiIxMiIsImRpc3BsYXkiOiIifSwicGhvbmVfbWF4X3dpZHRoIjo3Njd9&#8243; f_article_font_size=&#8221;eyJwb3J0cmFpdCI6IjEzIn0=&#8221; limit=&#8221;3&#8243; custom_title=&#8221;Novidades&#8221;][td_block_big_grid_flex_5 meta_info_vert=&#8221;content-vert-bottom&#8221; image_zoom=&#8221;yes&#8221; show_author2=&#8221;none&#8221; show_date2=&#8221;none&#8221; modules_category=&#8221;above&#8221; overlay_general=&#8221;eyJ0eXBlIjoiZ3JhZGllbnQiLCJjb2xvcjEiOiJyZ2JhKDAsMCwwLDApIiwiY29sb3IyIjoicmdiYSgwLDAsMCwwLjcpIiwibWl4ZWRDb2xvcnMiOlt7ImNvbG9yIjoicmdiYSgwLDAsMCwwKSIsInBlcmNlbnRhZ2UiOjYwfV0sImNzcyI6ImJhY2tncm91bmQ6IC13ZWJraXQtbGluZWFyLWdyYWRpZW50KDBkZWcscmdiYSgwLDAsMCwwLjcpLHJnYmEoMCwwLDAsMCkgNjAlLHJnYmEoMCwwLDAsMCkpO2JhY2tncm91bmQ6IGxpbmVhci1ncmFkaWVudCgwZGVnLHJnYmEoMCwwLDAsMC43KSxyZ2JhKDAsMCwwLDApIDYwJSxyZ2JhKDAsMCwwLDApKTsiLCJjc3NQYXJhbXMiOiIwZGVnLHJnYmEoMCwwLDAsMC43KSxyZ2JhKDAsMCwwLDApIDYwJSxyZ2JhKDAsMCwwLDApIn0=&#8221; image_height2=&#8221;eyJwaG9uZSI6IjE4MHB4IiwicG9ydHJhaXQiOiIxNzZweCIsImxhbmRzY2FwZSI6IjIzNHB4In0=&#8221; modules_gap=&#8221;eyJwaG9uZSI6IjMifQ==&#8221; meta_padding2=&#8221;eyJwaG9uZSI6IjAgMjBweCAxNHB4IiwicG9ydHJhaXQiOiIxOXB4IDE4cHggMTRweCJ9&#8243; meta_padding1=&#8221;eyJwaG9uZSI6IjE1cHggMTBweCAyMHB4IDIwcHgiLCJsYW5kc2NhcGUiOiIyMiIsInBvcnRyYWl0IjoiMTVweCJ9&#8243; cat_bg_hover=&#8221;#4db2ec&#8221; review_stars=&#8221;#fff&#8221; modules_category_margin2=&#8221;eyJwb3J0cmFpdCI6IjBweCAwcHggNHB4IDBweCJ9&#8243; modules_category_margin1=&#8221;eyJwb3J0cmFpdCI6IjBweCAwcHggN3B4IDBweCJ9&#8243; art_title1=&#8221;eyJwb3J0cmFpdCI6IjBweCAwcHggNnB4IDBweCIsImFsbCI6IjAgMCAxMnB4IiwicGhvbmUiOiIwIDAgNnB4IDAifQ==&#8221; show_author3=&#8221;none&#8221; show_date3=&#8221;none&#8221; image_size=&#8221;&#8221; image_size2=&#8221;&#8221; image_size3=&#8221;&#8221; image_width1=&#8221;eyJwaG9uZSI6IjEwMCJ9&#8243; image_height1=&#8221;eyJsYW5kc2NhcGUiOiI0MTRweCIsInBvcnRyYWl0IjoiMzEycHgiLCJwaG9uZSI6IjMyMHB4In0=&#8221; image_width2=&#8221;eyJwaG9uZSI6IjgwIn0=&#8221; image_width3=&#8221;eyJwaG9uZSI6IjgwIn0=&#8221; image_height3=&#8221;eyJwaG9uZSI6IjE4MHB4IiwibGFuZHNjYXBlIjoiMTc2cHgiLCJwb3J0cmFpdCI6IjEzMnB4In0=&#8221; sort=&#8221;&#8221; meta_width1=&#8221;eyJhbGwiOiI5MCUiLCJwaG9uZSI6IjEwMCUifQ==&#8221; meta_width2=&#8221;eyJhbGwiOiI4NSUiLCJwaG9uZSI6IjEwMCUifQ==&#8221; post_ids=&#8221;&#8221; tdc_css=&#8221;eyJsYW5kc2NhcGUiOnsibWFyZ2luLXJpZ2h0IjoiLTIyIiwibWFyZ2luLWxlZnQiOiItMjIiLCJ3aWR0aCI6ImF1dG8iLCJkaXNwbGF5IjoiYmxvY2sifSwibGFuZHNjYXBlX21heF93aWR0aCI6MTE0MCwibGFuZHNjYXBlX21pbl93aWR0aCI6MTAxOSwicG9ydHJhaXQiOnsibWFyZ2luLXJpZ2h0IjoiLTE0IiwibWFyZ2luLWxlZnQiOiItMTQiLCJ3aWR0aCI6ImF1dG8iLCJkaXNwbGF5IjoiYmxvY2sifSwicG9ydHJhaXRfbWF4X3dpZHRoIjoxMDE4LCJwb3J0cmFpdF9taW5fd2lkdGgiOjc2OH0=&#8221; meta_padding3=&#8221;eyJwaG9uZSI6IjAgMjBweCAxNHB4In0=&#8221;][\/vc_column][\/vc_row][vc_row row_hide_on_pagination=&#8221;yes&#8221;][vc_column width=&#8221;2\/3&#8243;][td_flex_block_3 modules_category=&#8221;image&#8221; modules_on_row=&#8221;eyJhbGwiOiI1MCUiLCJsYW5kc2NhcGUiOiIxMDAlIn0=&#8221; modules_category1=&#8221;image&#8221; show_cat2=&#8221;none&#8221; show_com2=&#8221;none&#8221; show_author2=&#8221;none&#8221; columns=&#8221;eyJhbGwiOiI1MCUiLCJwaG9uZSI6IjEwMCUifQ==&#8221; columns_gap=&#8221;eyJsYW5kc2NhcGUiOiI0MCIsInBvcnRyYWl0IjoiMjAifQ==&#8221; image_width2=&#8221;eyJwb3J0cmFpdCI6IjM1In0=&#8221; custom_title=&#8221;N\u00e3o Perca! &#8221; header_color=&#8221;#f9c100&#8243; header_text_color=&#8221;#000000&#8243; td_ajax_filter_type=&#8221;&#8221; ajax_pagination=&#8221;next_prev&#8221; sort=&#8221;random_posts&#8221; image_size2=&#8221;&#8221; f_header_font_transform=&#8221;uppercase&#8221; category_id=&#8221;&#8221; td_ajax_filter_ids=&#8221;&#8221; show_review2=&#8221;none&#8221; show_audio2=&#8221;none&#8221; f_ex1_font_size=&#8221;eyJwb3J0cmFpdCI6IjExIn0=&#8221; f_ex1_font_line_height=&#8221;eyJwb3J0cmFpdCI6IjEuNiJ9&#8243; modules_space2=&#8221;eyJhbGwiOiIyNiIsInBvcnRyYWl0IjoiMjAifQ==&#8221; modules_space1=&#8221;eyJhbGwiOiIwIiwicGhvbmUiOiIyMSJ9&#8243; meta_padding2=&#8221;eyJwb3J0cmFpdCI6IjAgMCAwIDEzcHgifQ==&#8221; video_icon2=&#8221;24&#8243; image_size=&#8221;td_485x360&#8243;][td_flex_block_4 modules_category=&#8221;image&#8221; modules_on_row=&#8221;eyJhbGwiOiI1MCUiLCJsYW5kc2NhcGUiOiIxMDAlIn0=&#8221; modules_category1=&#8221;image&#8221; show_cat2=&#8221;none&#8221; show_com2=&#8221;none&#8221; show_author2=&#8221;none&#8221; columns=&#8221;50%&#8221; columns_gap=&#8221;eyJsYW5kc2NhcGUiOiI0MCIsInBvcnRyYWl0IjoiMjAifQ==&#8221; image_width2=&#8221;eyJwb3J0cmFpdCI6IjM1In0=&#8221; modules_space1=&#8221;eyJwaG9uZSI6IjIxIiwiYWxsIjoiMjEifQ==&#8221; limit=&#8221;6&#8243; show_excerpt1=&#8221;&#8221; show_excerpt2=&#8221;none&#8221; custom_title=&#8221;Curiosidades&#8221; header_color=&#8221;#3a863d&#8221; td_ajax_filter_type=&#8221;&#8221; ajax_pagination=&#8221;next_prev&#8221; modules_divider1=&#8221;&#8221; category_id=&#8221;33&#8243; image_size3=&#8221;&#8221; f_header_font_transform=&#8221;uppercase&#8221; td_ajax_filter_ids=&#8221;&#8221; sort=&#8221;&#8221; category_ids=&#8221;&#8221; f_ex1_font_size=&#8221;eyJwb3J0cmFpdCI6IjExIn0=&#8221; f_ex1_font_line_height=&#8221;eyJwb3J0cmFpdCI6IjEuNiJ9&#8243; modules_space2=&#8221;eyJhbGwiOiIyNiIsInBvcnRyYWl0IjoiMjAifQ==&#8221; meta_padding2=&#8221;eyJwb3J0cmFpdCI6IjAgMCAwIDEzcHgifQ==&#8221; video_icon2=&#8221;24&#8243; image_size=&#8221;td_485x360&#8243;][td_flex_block_1 modules_on_row=&#8221;eyJhbGwiOiIzMy4zMzMzMzMzMyUiLCJwaG9uZSI6IjEwMCUifQ==&#8221; limit=&#8221;3&#8243; modules_category=&#8221;image&#8221; show_btn=&#8221;none&#8221; show_excerpt=&#8221;none&#8221; ajax_pagination=&#8221;next_prev&#8221; sort=&#8221;&#8221; category_id=&#8221;68&#8243; f_title_font_size=&#8221;eyJwb3J0cmFpdCI6IjEzIiwiYWxsIjoiMTUiLCJwaG9uZSI6IjE0In0=&#8221; f_title_font_line_height=&#8221;eyJhbGwiOiIxLjMiLCJwaG9uZSI6IjEuNCJ9&#8243; modules_gap=&#8221;eyJhbGwiOiIyMCIsInBvcnRyYWl0IjoiMTUiLCJwaG9uZSI6IjE1In0=&#8221; show_com=&#8221;none&#8221; show_date=&#8221;eyJhbGwiOiJub25lIiwicGhvbmUiOiJpbmxpbmUtYmxvY2sifQ==&#8221; show_author=&#8221;none&#8221; image_height=&#8221;70&#8243; f_title_font_weight=&#8221;500&#8243; all_modules_space=&#8221;eyJhbGwiOiIyMCIsImxhbmRzY2FwZSI6IjIwIiwicG9ydHJhaXQiOiIxNSIsInBob25lIjoiMjYifQ==&#8221; custom_title=&#8221;DICAS REAUTO&#8221; header_color=&#8221;#5d7987&#8243; image_floated=&#8221;eyJwaG9uZSI6ImZsb2F0X2xlZnQifQ==&#8221; image_width=&#8221;eyJwaG9uZSI6IjMwIn0=&#8221; meta_info_align=&#8221;&#8221; meta_margin=&#8221;eyJwaG9uZSI6IjAgMCAwIDE2cHgifQ==&#8221; meta_padding=&#8221;eyJwaG9uZSI6IjAifQ==&#8221; video_icon=&#8221;eyJwb3J0cmFpdCI6IjI0IiwicGhvbmUiOiIyNCJ9&#8243; image_size=&#8221;td_485x360&#8243;][td_flex_block_3 modules_category=&#8221;image&#8221; modules_on_row=&#8221;eyJhbGwiOiI1MCUiLCJsYW5kc2NhcGUiOiIxMDAlIn0=&#8221; modules_category1=&#8221;image&#8221; show_cat2=&#8221;none&#8221; show_com2=&#8221;none&#8221; show_author2=&#8221;none&#8221; columns=&#8221;eyJhbGwiOiI1MCUiLCJwaG9uZSI6IjEwMCUifQ==&#8221; columns_gap=&#8221;eyJsYW5kc2NhcGUiOiI0MCIsInBvcnRyYWl0IjoiMjAifQ==&#8221; image_width2=&#8221;eyJwb3J0cmFpdCI6IjM1In0=&#8221; modules_space1=&#8221;eyJhbGwiOiIwIiwicGhvbmUiOiIyMSJ9&#8243; ajax_pagination=&#8221;next_prev&#8221; custom_title=&#8221;Noticias &#8221; header_color=&#8221;#e42719&#8243; category_id=&#8221;34&#8243; td_ajax_filter_ids=&#8221;&#8221; td_ajax_filter_type=&#8221;&#8221; image_size2=&#8221;&#8221; image_alignment2=&#8221;6&#8243; f_header_font_transform=&#8221;uppercase&#8221; sort=&#8221;&#8221; category_ids=&#8221;&#8221; f_ex1_font_size=&#8221;eyJwb3J0cmFpdCI6IjExIn0=&#8221; f_ex1_font_line_height=&#8221;eyJwb3J0cmFpdCI6IjEuNiJ9&#8243; modules_space2=&#8221;eyJhbGwiOiIyNiIsInBvcnRyYWl0IjoiMjAifQ==&#8221; meta_padding2=&#8221;eyJwb3J0cmFpdCI6IjAgMCAwIDEzcHgifQ==&#8221; video_icon2=&#8221;24&#8243; image_size=&#8221;td_485x360&#8243;][\/vc_column][vc_column width=&#8221;1\/3&#8243; is_sticky=&#8221;yes&#8221;][td_block_social_counter custom_title=&#8221;Nos siga!&#8221; style=&#8221;style4 td-social-colored&#8221; f_header_font_transform=&#8221;uppercase&#8221; manual_count_youtube=&#8221;61453&#8243; facebook=&#8221;reautovw&#8221; instagram=&#8221;reautovw&#8221; manual_count_facebook=&#8221;26534&#8243; manual_count_instagram=&#8221;17200&#8243;][\/vc_column][\/vc_row][vc_row tdc_css=&#8221;eyJhbGwiOnsiZGlzcGxheSI6IiJ9LCJwaG9uZSI6eyJwYWRkaW5nLXRvcCI6IjAiLCJkaXNwbGF5IjoiIn0sInBob25lX21heF93aWR0aCI6NzY3fQ==&#8221; row_hide_on_pagination=&#8221;yes&#8221;][vc_column width=&#8221;2\/3&#8243;][td_flex_block_1 modules_on_row=&#8221;&#8221; custom_title=&#8221;SEGURAN\u00e7a&#8221; image_floated=&#8221;float_left&#8221; image_width=&#8221;eyJhbGwiOiIzMiIsInBob25lIjoiMzAifQ==&#8221; image_height=&#8221;eyJhbGwiOiI3MCIsInBvcnRyYWl0IjoiOTAifQ==&#8221; meta_padding=&#8221;eyJhbGwiOiIwIDAgMCAyNnB4IiwicGhvbmUiOiIwIDAgMCAxNnB4IiwicG9ydHJhaXQiOiIwIDAgMCAyMHB4In0=&#8221; show_btn=&#8221;none&#8221; show_cat=&#8221;none&#8221; f_title_font_size=&#8221;eyJhbGwiOiIyMiIsInBvcnRyYWl0IjoiMTciLCJwaG9uZSI6IjE0In0=&#8221; f_title_font_line_height=&#8221;eyJhbGwiOiIxLjMiLCJwaG9uZSI6IjEuNCJ9&#8243; show_excerpt=&#8221;eyJwaG9uZSI6Im5vbmUifQ==&#8221; f_title_font_weight=&#8221;eyJwb3J0cmFpdCI6IjQwMCIsInBob25lIjoiNTAwIn0=&#8221; show_author=&#8221;eyJwb3J0cmFpdCI6Im5vbmUifQ==&#8221; f_ex_font_size=&#8221;eyJwb3J0cmFpdCI6IjExIn0=&#8221; f_ex_font_line_height=&#8221;eyJwb3J0cmFpdCI6IjEuNiJ9&#8243; art_excerpt=&#8221;eyJwb3J0cmFpdCI6IjE2cHggMCAwIDAifQ==&#8221; category_id=&#8221;36&#8243; f_header_font_transform=&#8221;uppercase&#8221; category_ids=&#8221;&#8221; all_modules_space=&#8221;eyJhbGwiOiIzNiIsInBvcnRyYWl0IjoiMzAiLCJwaG9uZSI6IjI2In0=&#8221; video_icon=&#8221;eyJwaG9uZSI6IjI0In0=&#8221; image_size=&#8221;td_485x360&#8243;][\/vc_column][vc_column width=&#8221;1\/3&#8243; is_sticky=&#8221;yes&#8221;][\/vc_column][\/vc_row][vc_row row_hide_on_pagination=&#8221;yes&#8221;][vc_column][\/vc_column][\/vc_row][vc_row tdc_css=&#8221;eyJhbGwiOnsiZGlzcGxheSI6IiJ9LCJwaG9uZSI6eyJwYWRkaW5nLXRvcCI6IjAiLCJkaXNwbGF5IjoiIn0sInBob25lX21heF93aWR0aCI6NzY3fQ==&#8221; row_hide_on_pagination=&#8221;yes&#8221; gap=&#8221;eyJwb3J0cmFpdCI6IjEwIn0=&#8221;][vc_column width=&#8221;1\/3&#8243;][td_flex_block_4 modules_category=&#8221;image&#8221; modules_on_row=&#8221;eyJhbGwiOiI1MCUiLCJsYW5kc2NhcGUiOiIxMDAlIn0=&#8221; modules_category1=&#8221;image&#8221; show_cat2=&#8221;none&#8221; show_com2=&#8221;none&#8221; show_author2=&#8221;none&#8221; columns=&#8221;100%&#8221; columns_gap=&#8221;eyJsYW5kc2NhcGUiOiI0MCIsInBvcnRyYWl0IjoiMjgifQ==&#8221; image_width2=&#8221;eyJwb3J0cmFpdCI6IjM1IiwiYWxsIjoiMjUiLCJwaG9uZSI6IjMwIn0=&#8221; modules_space1=&#8221;eyJwaG9uZSI6IjI2IiwiYWxsIjoiMjEifQ==&#8221; limit=&#8221;4&#8243; show_excerpt1=&#8221;none&#8221; show_excerpt2=&#8221;none&#8221; show_com1=&#8221;none&#8221; show_cat1=&#8221;none&#8221; meta_info_align1=&#8221;image&#8221; meta_padding1=&#8221;0 17px 17px&#8221; f_title1_font_size=&#8221;eyJhbGwiOiIxNyIsInBob25lIjoiMTcifQ==&#8221; f_title1_font_weight=&#8221;700&#8243; title_txt=&#8221;#ffffff&#8221; author_txt=&#8221;#ffffff&#8221; color_overlay=&#8221;eyJ0eXBlIjoiZ3JhZGllbnQiLCJjb2xvcjEiOiJyZ2JhKDAsMCwwLDApIiwiY29sb3IyIjoicmdiYSgwLDAsMCwwLjcpIiwibWl4ZWRDb2xvcnMiOltdLCJjc3MiOiJiYWNrZ3JvdW5kOiAtd2Via2l0LWxpbmVhci1ncmFkaWVudCgwZGVnLHJnYmEoMCwwLDAsMC43KSxyZ2JhKDAsMCwwLDApKTtiYWNrZ3JvdW5kOiBsaW5lYXItZ3JhZGllbnQoMGRlZyxyZ2JhKDAsMCwwLDAuNykscmdiYSgwLDAsMCwwKSk7IiwiY3NzUGFyYW1zIjoiMGRlZyxyZ2JhKDAsMCwwLDAuNykscmdiYSgwLDAsMCwwKSJ9&#8243; image_height2=&#8221;eyJhbGwiOiI3NSIsInBob25lIjoiNzAifQ==&#8221; f_title2_font_line_height=&#8221;1.4&#8243; f_title2_font_size=&#8221;eyJhbGwiOiIxMyIsInBob25lIjoiMTQifQ==&#8221; custom_title=&#8221;Tecnologia&#8221; header_color=&#8221;#0b7cc0&#8243; image_height1=&#8221;68&#8243; category_id=&#8221;37&#8243; f_title1_font_line_height=&#8221;1.1&#8243; image_size=&#8221;td_485x360&#8243; modules_divider_color1=&#8221;&#8221; modules_divider_color2=&#8221;&#8221; modules_space2=&#8221;eyJhbGwiOiIyMSIsInBvcnRyYWl0IjoiMjAiLCJwaG9uZSI6IjI2In0=&#8221; f_header_font_transform=&#8221;uppercase&#8221; title_txt_hover=&#8221;#ffffff&#8221; meta_padding2=&#8221;eyJwb3J0cmFpdCI6IjAgMCAwIDEzcHgifQ==&#8221; video_icon2=&#8221;24&#8243;][\/vc_column][vc_column width=&#8221;1\/3&#8243;][td_flex_block_4 modules_category=&#8221;image&#8221; modules_on_row=&#8221;eyJhbGwiOiI1MCUiLCJsYW5kc2NhcGUiOiIxMDAlIn0=&#8221; modules_category1=&#8221;image&#8221; show_cat2=&#8221;none&#8221; show_com2=&#8221;none&#8221; show_author2=&#8221;none&#8221; columns=&#8221;100%&#8221; columns_gap=&#8221;eyJsYW5kc2NhcGUiOiI0MCIsInBvcnRyYWl0IjoiMjgifQ==&#8221; image_width2=&#8221;eyJwb3J0cmFpdCI6IjM1IiwiYWxsIjoiMjUiLCJwaG9uZSI6IjMwIn0=&#8221; modules_space1=&#8221;eyJwaG9uZSI6IjI2IiwiYWxsIjoiMjEifQ==&#8221; limit=&#8221;4&#8243; show_excerpt1=&#8221;none&#8221; show_excerpt2=&#8221;none&#8221; show_com1=&#8221;none&#8221; show_cat1=&#8221;none&#8221; meta_info_align1=&#8221;image&#8221; meta_padding1=&#8221;0 17px 17px&#8221; f_title1_font_size=&#8221;17&#8243; f_title1_font_line_height=&#8221;1.1&#8243; f_title1_font_weight=&#8221;700&#8243; title_txt=&#8221;#ffffff&#8221; author_txt=&#8221;#ffffff&#8221; color_overlay=&#8221;eyJ0eXBlIjoiZ3JhZGllbnQiLCJjb2xvcjEiOiJyZ2JhKDAsMCwwLDApIiwiY29sb3IyIjoicmdiYSgwLDAsMCwwLjcpIiwibWl4ZWRDb2xvcnMiOltdLCJjc3MiOiJiYWNrZ3JvdW5kOiAtd2Via2l0LWxpbmVhci1ncmFkaWVudCgwZGVnLHJnYmEoMCwwLDAsMC43KSxyZ2JhKDAsMCwwLDApKTtiYWNrZ3JvdW5kOiBsaW5lYXItZ3JhZGllbnQoMGRlZyxyZ2JhKDAsMCwwLDAuNykscmdiYSgwLDAsMCwwKSk7IiwiY3NzUGFyYW1zIjoiMGRlZyxyZ2JhKDAsMCwwLDAuNykscmdiYSgwLDAsMCwwKSJ9&#8243; image_height2=&#8221;eyJhbGwiOiI3NSIsInBob25lIjoiNzAifQ==&#8221; f_title2_font_line_height=&#8221;1.4&#8243; f_title2_font_size=&#8221;eyJhbGwiOiIxMyIsInBob25lIjoiMTQifQ==&#8221; custom_title=&#8221;Dica de leitura&#8221; category_id=&#8221;&#8221; image_height1=&#8221;68&#8243; modules_divider_color1=&#8221;&#8221; modules_divider_color2=&#8221;&#8221; modules_space2=&#8221;eyJhbGwiOiIyMSIsInBvcnRyYWl0IjoiMjAiLCJwaG9uZSI6IjI2In0=&#8221; f_header_font_transform=&#8221;uppercase&#8221; title_txt_hover=&#8221;#ffffff&#8221; meta_padding2=&#8221;eyJwb3J0cmFpdCI6IjAgMCAwIDEzcHgifQ==&#8221; video_icon2=&#8221;24&#8243; image_size=&#8221;td_485x360&#8243; sort=&#8221;popular&#8221;][\/vc_column][vc_column width=&#8221;1\/3&#8243;][td_flex_block_1 modules_on_row=&#8221;&#8221; image_size=&#8221;&#8221; image_floated=&#8221;&#8221; show_btn=&#8221;none&#8221; show_excerpt=&#8221;none&#8221; show_com=&#8221;none&#8221; show_author=&#8221;eyJwb3J0cmFpdCI6ImlubGluZS1ibG9jayJ9&#8243; show_cat=&#8221;none&#8221; limit=&#8221;3&#8243; f_title_font_size=&#8221;eyJhbGwiOiIxNyIsInBvcnRyYWl0IjoiMTQifQ==&#8221; f_title_font_line_height=&#8221;1.4&#8243; f_title_font_weight=&#8221;eyJhbGwiOiI1MDAiLCJwb3J0cmFpdCI6IjcwMCJ9&#8243; all_modules_space=&#8221;&#8221; category_id=&#8221;&#8221; show_date=&#8221;&#8221; modules_divider=&#8221;dashed&#8221; modules_divider_color=&#8221;#f4f4f4&#8243; meta_info_align=&#8221;&#8221; tdc_css=&#8221;eyJhbGwiOnsiZGlzcGxheSI6IiJ9fQ==&#8221; modules_category=&#8221;above&#8221; meta_info_horiz=&#8221;content-horiz-center&#8221; art_title=&#8221;8px 0 5px 0&#8243; custom_title=&#8221;Escolhas do editor&#8221; f_header_font_transform=&#8221;uppercase&#8221; meta_padding=&#8221;0 0 20px 0&#8243; hide_image=&#8221;yes&#8221;][\/vc_column][\/vc_row][vc_row tdc_css=&#8221;eyJhbGwiOnsiZGlzcGxheSI6IiJ9fQ==&#8221; row_hide_on_pagination=&#8221;yes&#8221;][vc_column][td_block_big_grid_flex_1 grid_layout=&#8221;3&#8243; image_height=&#8221;eyJhbGwiOiI3MCIsInBvcnRyYWl0IjoiODAiLCJwaG9uZSI6IjUwIn0=&#8221; image_zoom=&#8221;yes&#8221; meta_info_vert=&#8221;content-vert-center&#8221; modules_category=&#8221;above&#8221; overlay_general=&#8221;eyJ0eXBlIjoiZ3JhZGllbnQiLCJjb2xvcjEiOiJyZ2JhKDAsMCwwLDApIiwiY29sb3IyIjoicmdiYSgwLDAsMCwwLjcpIiwibWl4ZWRDb2xvcnMiOlt7ImNvbG9yIjoicmdiYSgwLDAsMCwwLjcpIiwicGVyY2VudGFnZSI6MTAwfV0sImNzcyI6ImJhY2tncm91bmQ6IC13ZWJraXQtbGluZWFyLWdyYWRpZW50KDBkZWcscmdiYSgwLDAsMCwwLjcpLHJnYmEoMCwwLDAsMC43KSAxMDAlLHJnYmEoMCwwLDAsMCkpO2JhY2tncm91bmQ6IGxpbmVhci1ncmFkaWVudCgwZGVnLHJnYmEoMCwwLDAsMC43KSxyZ2JhKDAsMCwwLDAuNykgMTAwJSxyZ2JhKDAsMCwwLDApKTsiLCJjc3NQYXJhbXMiOiIwZGVnLHJnYmEoMCwwLDAsMC43KSxyZ2JhKDAsMCwwLDAuNykgMTAwJSxyZ2JhKDAsMCwwLDApIn0=&#8221; review_stars=&#8221;#fff&#8221; f_title_font_size=&#8221;eyJwb3J0cmFpdCI6IjE0IiwicGhvbmUiOiIyMCIsImFsbCI6IjE4In0=&#8221; f_title_font_line_height=&#8221;eyJwaG9uZSI6IjI0cHgiLCJhbGwiOiIxLjMifQ==&#8221; meta_info_horiz=&#8221;content-horiz-center&#8221; lightsky=&#8221;yes&#8221; category_id=&#8221;&#8221; f_title_font_transform=&#8221;uppercase&#8221; f_title_font_weight=&#8221;300&#8243; cat_bg=&#8221;#222222&#8243; overlay_h_general=&#8221;rgba(77,178,236,0.2)&#8221; cat_bg_hover=&#8221;#ffffff&#8221; cat_txt=&#8221;#ffffff&#8221; cat_txt_hover=&#8221;#222222&#8243; tdc_css=&#8221;eyJsYW5kc2NhcGUiOnsibWFyZ2luLXJpZ2h0IjoiLTIyIiwibWFyZ2luLWxlZnQiOiItMjIiLCJ3aWR0aCI6ImF1dG8iLCJkaXNwbGF5IjoiYmxvY2sifSwibGFuZHNjYXBlX21heF93aWR0aCI6MTE0MCwibGFuZHNjYXBlX21pbl93aWR0aCI6MTAxOSwicG9ydHJhaXQiOnsibWFyZ2luLXJpZ2h0IjoiLTE0IiwibWFyZ2luLWxlZnQiOiItMTQiLCJ3aWR0aCI6ImF1dG8iLCJkaXNwbGF5IjoiYmxvY2sifSwicG9ydHJhaXRfbWF4X3dpZHRoIjoxMDE4LCJwb3J0cmFpdF9taW5fd2lkdGgiOjc2OH0=&#8221; art_title=&#8221;eyJhbGwiOiI4cHggMCIsInBvcnRyYWl0IjoiNHB4IDAifQ==&#8221; meta_padding=&#8221;eyJhbGwiOiIxMHB4IDIwcHggMjJweCIsInBvcnRyYWl0IjoiMnB4IDEwcHggMTZweCJ9&#8243; modules_gap=&#8221;eyJhbGwiOiI0IiwicG9ydHJhaXQiOiIyIn0=&#8221; video_icon_pos=&#8221;corner&#8221; video_icon=&#8221;30&#8243;][\/vc_column][\/vc_row][vc_row tdc_css=&#8221;eyJhbGwiOnsibWFyZ2luLXRvcCI6IjQ4IiwiZGlzcGxheSI6IiJ9fQ==&#8221;][vc_column width=&#8221;2\/3&#8243;][tdb_loop_2 art_title_pos=&#8221;bottom&#8221; info_pos=&#8221;bottom&#8221; art_excerpt_pos=&#8221;bottom&#8221; modules_category=&#8221;image&#8221; btn_pos=&#8221;bottom&#8221; modules_on_row=&#8221;eyJhbGwiOiI1MCUiLCJwaG9uZSI6IjEwMCUifQ==&#8221; image_alignment=&#8221;0&#8243; show_excerpt=&#8221;none&#8221; show_btn=&#8221;none&#8221; ajax_pagination=&#8221;numbered&#8221; f_header_font_transform=&#8221;&#8221; show_audio=&#8221;none&#8221; art_audio_pos=&#8221;bottom&#8221; art_audio_size=&#8221;0&#8243; f_title_font_size=&#8221;eyJwb3J0cmFpdCI6IjE3In0=&#8221; f_title_font_line_height=&#8221;eyJwb3J0cmFpdCI6IjIycHgifQ==&#8221; modules_gap=&#8221;eyJwb3J0cmFpdCI6IjIwIn0=&#8221; all_modules_space=&#8221;eyJhbGwiOiIzNiIsInBvcnRyYWl0IjoiMzAifQ==&#8221; pag_space=&#8221;eyJwaG9uZSI6IjIwIn0=&#8221; image_size=&#8221;td_485x360&#8243; custom_title=&#8221;\u00daLTIMAS PUBLICA\u00c7\u00d5ES&#8221;][\/vc_column][vc_column width=&#8221;1\/3&#8243; el_class=&#8221;&#8221; is_sticky=&#8221;yes&#8221;][td_flex_block_1 modules_on_row=&#8221;eyJwb3J0cmFpdCI6IjEwMCUiLCJwaG9uZSI6IjEwMCUifQ==&#8221; image_size=&#8221;td_218x150&#8243; image_floated=&#8221;float_left&#8221; image_width=&#8221;30&#8243; image_height=&#8221;70&#8243; show_btn=&#8221;none&#8221; show_excerpt=&#8221;none&#8221; show_com=&#8221;none&#8221; show_author=&#8221;none&#8221; show_cat=&#8221;none&#8221; limit=&#8221;4&#8243; meta_padding=&#8221;eyJhbGwiOiIwIDAgMCAxNnB4IiwicG9ydHJhaXQiOiIwIDAgMCAxM3B4In0=&#8221; f_title_font_size=&#8221;eyJhbGwiOiIxNCIsInBvcnRyYWl0IjoiMTIifQ==&#8221; f_title_font_line_height=&#8221;1.4&#8243; f_title_font_weight=&#8221;500&#8243; all_modules_space=&#8221;eyJwb3J0cmFpdCI6IjIwIiwicGhvbmUiOiIyNiIsImFsbCI6IjI2In0=&#8221; category_id=&#8221;&#8221; modules_gap=&#8221;eyJwb3J0cmFpdCI6IjIwIn0=&#8221; show_date=&#8221;&#8221; custom_title=&#8221;Mais populares &#8221; ajax_pagination=&#8221;&#8221; sort=&#8221;&#8221; f_header_font_transform=&#8221;uppercase&#8221; video_icon=&#8221;24&#8243;][\/vc_column][\/vc_row][\/tdc_zone]<\/p>\n","protected":false},"excerpt":{"rendered":"<p>[tdc_zone type=&#8221;tdc_content&#8221; tdc_css=&#8221;eyJhbGwiOnsiZGlzcGxheSI6IiJ9fQ==&#8221;][vc_row tdc_css=&#8221;eyJhbGwiOnsiZGlzcGxheSI6IiJ9fQ==&#8221; row_hide_on_pagination=&#8221;yes&#8221;][vc_column tdc_css=&#8221;eyJhbGwiOnsiZGlzcGxheSI6IiJ9fQ==&#8221;][td_block_trending_now mt_title_tag=&#8221;h2&#8243; navigation=&#8221;manual&#8221; tdc_css=&#8221;eyJhbGwiOnsibWFyZ2luLXRvcCI6IjI0IiwibWFyZ2luLWJvdHRvbSI6IjI0IiwiZGlzcGxheSI6IiJ9LCJwb3J0cmFpdCI6eyJtYXJnaW4tdG9wIjoiMTYiLCJtYXJnaW4tYm90dG9tIjoiMTYiLCJkaXNwbGF5IjoiIn0sInBvcnRyYWl0X21heF93aWR0aCI6MTAxOCwicG9ydHJhaXRfbWluX3dpZHRoIjo3NjgsInBob25lIjp7Im1hcmdpbi10b3AiOiIxMiIsIm1hcmdpbi1ib3R0b20iOiIxMiIsImRpc3BsYXkiOiIifSwicGhvbmVfbWF4X3dpZHRoIjo3Njd9&#8243; f_article_font_size=&#8221;eyJwb3J0cmFpdCI6IjEzIn0=&#8221; limit=&#8221;3&#8243; custom_title=&#8221;Novidades&#8221;][td_block_big_grid_flex_5 meta_info_vert=&#8221;content-vert-bottom&#8221; image_zoom=&#8221;yes&#8221; show_author2=&#8221;none&#8221; show_date2=&#8221;none&#8221; modules_category=&#8221;above&#8221; overlay_general=&#8221;eyJ0eXBlIjoiZ3JhZGllbnQiLCJjb2xvcjEiOiJyZ2JhKDAsMCwwLDApIiwiY29sb3IyIjoicmdiYSgwLDAsMCwwLjcpIiwibWl4ZWRDb2xvcnMiOlt7ImNvbG9yIjoicmdiYSgwLDAsMCwwKSIsInBlcmNlbnRhZ2UiOjYwfV0sImNzcyI6ImJhY2tncm91bmQ6IC13ZWJraXQtbGluZWFyLWdyYWRpZW50KDBkZWcscmdiYSgwLDAsMCwwLjcpLHJnYmEoMCwwLDAsMCkgNjAlLHJnYmEoMCwwLDAsMCkpO2JhY2tncm91bmQ6IGxpbmVhci1ncmFkaWVudCgwZGVnLHJnYmEoMCwwLDAsMC43KSxyZ2JhKDAsMCwwLDApIDYwJSxyZ2JhKDAsMCwwLDApKTsiLCJjc3NQYXJhbXMiOiIwZGVnLHJnYmEoMCwwLDAsMC43KSxyZ2JhKDAsMCwwLDApIDYwJSxyZ2JhKDAsMCwwLDApIn0=&#8221; image_height2=&#8221;eyJwaG9uZSI6IjE4MHB4IiwicG9ydHJhaXQiOiIxNzZweCIsImxhbmRzY2FwZSI6IjIzNHB4In0=&#8221; modules_gap=&#8221;eyJwaG9uZSI6IjMifQ==&#8221; meta_padding2=&#8221;eyJwaG9uZSI6IjAgMjBweCAxNHB4IiwicG9ydHJhaXQiOiIxOXB4IDE4cHggMTRweCJ9&#8243; meta_padding1=&#8221;eyJwaG9uZSI6IjE1cHggMTBweCAyMHB4IDIwcHgiLCJsYW5kc2NhcGUiOiIyMiIsInBvcnRyYWl0IjoiMTVweCJ9&#8243; cat_bg_hover=&#8221;#4db2ec&#8221; review_stars=&#8221;#fff&#8221; modules_category_margin2=&#8221;eyJwb3J0cmFpdCI6IjBweCAwcHggNHB4IDBweCJ9&#8243; modules_category_margin1=&#8221;eyJwb3J0cmFpdCI6IjBweCAwcHggN3B4IDBweCJ9&#8243; art_title1=&#8221;eyJwb3J0cmFpdCI6IjBweCAwcHggNnB4IDBweCIsImFsbCI6IjAgMCAxMnB4IiwicGhvbmUiOiIwIDAgNnB4IDAifQ==&#8221; show_author3=&#8221;none&#8221; show_date3=&#8221;none&#8221; image_size=&#8221;&#8221; image_size2=&#8221;&#8221; image_size3=&#8221;&#8221; image_width1=&#8221;eyJwaG9uZSI6IjEwMCJ9&#8243; image_height1=&#8221;eyJsYW5kc2NhcGUiOiI0MTRweCIsInBvcnRyYWl0IjoiMzEycHgiLCJwaG9uZSI6IjMyMHB4In0=&#8221; image_width2=&#8221;eyJwaG9uZSI6IjgwIn0=&#8221; image_width3=&#8221;eyJwaG9uZSI6IjgwIn0=&#8221; image_height3=&#8221;eyJwaG9uZSI6IjE4MHB4IiwibGFuZHNjYXBlIjoiMTc2cHgiLCJwb3J0cmFpdCI6IjEzMnB4In0=&#8221; sort=&#8221;&#8221; meta_width1=&#8221;eyJhbGwiOiI5MCUiLCJwaG9uZSI6IjEwMCUifQ==&#8221; meta_width2=&#8221;eyJhbGwiOiI4NSUiLCJwaG9uZSI6IjEwMCUifQ==&#8221; post_ids=&#8221;&#8221; tdc_css=&#8221;eyJsYW5kc2NhcGUiOnsibWFyZ2luLXJpZ2h0IjoiLTIyIiwibWFyZ2luLWxlZnQiOiItMjIiLCJ3aWR0aCI6ImF1dG8iLCJkaXNwbGF5IjoiYmxvY2sifSwibGFuZHNjYXBlX21heF93aWR0aCI6MTE0MCwibGFuZHNjYXBlX21pbl93aWR0aCI6MTAxOSwicG9ydHJhaXQiOnsibWFyZ2luLXJpZ2h0IjoiLTE0IiwibWFyZ2luLWxlZnQiOiItMTQiLCJ3aWR0aCI6ImF1dG8iLCJkaXNwbGF5IjoiYmxvY2sifSwicG9ydHJhaXRfbWF4X3dpZHRoIjoxMDE4LCJwb3J0cmFpdF9taW5fd2lkdGgiOjc2OH0=&#8221; meta_padding3=&#8221;eyJwaG9uZSI6IjAgMjBweCAxNHB4In0=&#8221;][\/vc_column][\/vc_row][vc_row row_hide_on_pagination=&#8221;yes&#8221;][vc_column width=&#8221;2\/3&#8243;][td_flex_block_3 modules_category=&#8221;image&#8221; modules_on_row=&#8221;eyJhbGwiOiI1MCUiLCJsYW5kc2NhcGUiOiIxMDAlIn0=&#8221; modules_category1=&#8221;image&#8221; show_cat2=&#8221;none&#8221; show_com2=&#8221;none&#8221; show_author2=&#8221;none&#8221; columns=&#8221;eyJhbGwiOiI1MCUiLCJwaG9uZSI6IjEwMCUifQ==&#8221; columns_gap=&#8221;eyJsYW5kc2NhcGUiOiI0MCIsInBvcnRyYWl0IjoiMjAifQ==&#8221; image_width2=&#8221;eyJwb3J0cmFpdCI6IjM1In0=&#8221; custom_title=&#8221;N\u00e3o [&hellip;]<\/p>\n","protected":false},"author":1,"featured_media":0,"parent":0,"menu_order":0,"comment_status":"open","ping_status":"closed","template":"","meta":{"footnotes":""},"class_list":["post-280","page","type-page","status-publish","hentry"],"_links":{"self":[{"href":"https:\/\/blogdareauto.com.br\/index.php?rest_route=\/wp\/v2\/pages\/280","targetHints":{"allow":["GET"]}}],"collection":[{"href":"https:\/\/blogdareauto.com.br\/index.php?rest_route=\/wp\/v2\/pages"}],"about":[{"href":"https:\/\/blogdareauto.com.br\/index.php?rest_route=\/wp\/v2\/types\/page"}],"author":[{"embeddable":true,"href":"https:\/\/blogdareauto.com.br\/index.php?rest_route=\/wp\/v2\/users\/1"}],"replies":[{"embeddable":true,"href":"https:\/\/blogdareauto.com.br\/index.php?rest_route=%2Fwp%2Fv2%2Fcomments&post=280"}],"version-history":[{"count":6,"href":"https:\/\/blogdareauto.com.br\/index.php?rest_route=\/wp\/v2\/pages\/280\/revisions"}],"predecessor-version":[{"id":657,"href":"https:\/\/blogdareauto.com.br\/index.php?rest_route=\/wp\/v2\/pages\/280\/revisions\/657"}],"wp:attachment":[{"href":"https:\/\/blogdareauto.com.br\/index.php?rest_route=%2Fwp%2Fv2%2Fmedia&parent=280"}],"curies":[{"name":"wp","href":"https:\/\/api.w.org\/{rel}","templated":true}]}}